{"id":37,"date":"2019-12-18T19:15:17","date_gmt":"2019-12-18T18:15:17","guid":{"rendered":"http:\/\/hosting.itz.fak13.lmu.de\/filmimpuls\/?page_id=37"},"modified":"2020-01-09T17:43:02","modified_gmt":"2020-01-09T16:43:02","slug":"impressum","status":"publish","type":"page","link":"http:\/\/hosting.itz.fak13.lmu.de\/filmimpuls\/beispiel-seite\/impressum\/","title":{"rendered":"Impressum"},"content":{"rendered":"\n<p>verantwortlich f\u00fcr den Inhalt<\/p>\n\n\n\n<p>Verantwortlich f\u00fcr den Inhalt i.S.d. TDG\/MDSt sind jeweiligen<br class=\"\">HerausgeberInnen und die Redaktion des aktuellen Jahrgangs des<br class=\"\">Masterstudiengangs Film- und Medienkultur-Forschung (FMK) an der<br class=\"\">Universit\u00e4t M\u00fcnchen LMU.<\/p>\n\n\n\n<p>HerausgeberInnen des aktuellen Jahrgangs 2019\/20&nbsp;<\/p>\n\n\n\n<p>Redaktion:<br>Paulina Kutschka<br>Carla Pollak<br>Jana Wellenhofer<br>Julian Schmucker<br>Ruth Konrad<br>Natascha Herr<br>Karolin Tybus<br>Lydia Frost<\/p>\n\n\n\n<p>E-Mail: redaktion.filmimpuls@gmx.de&nbsp;<\/p>\n\n\n\n<p>(Studierende des Masterstudiengangs Film- und Medienkultur-Forschung<br class=\"\">FMK)<\/p>\n\n\n\n<p>Verantwortlicher des Studiengangs FMK<br>Dr. Marcel Schellong<br>Ludwig-Maximilians-Universit\u00e4t M\u00fcnchen<br>Schellingstra\u00dfe 3 \/ RG<br>80799 M\u00fcnchen<br><a class=\"\" rel=\"noreferrer noopener\" href=\"mailto:master-fmk@lmu.de\" target=\"_blank\">master-fmk@lmu.de<\/a><br><a class=\"\" rel=\"noreferrer noopener\" href=\"https:\/\/deref-gmx.net\/mail\/client\/3f750CqolTc\/dereferrer\/?redirectUrl=https%3A%2F%2Fwww.master-fmk.uni-muenchen.de%2Fkontakt%2Findex.html\" target=\"_blank\">https:\/\/www.master-fmk.uni-muenchen.de\/kontakt\/index.html<\/a><br><\/p>\n","protected":false},"excerpt":{"rendered":"<p>verantwortlich f\u00fcr den Inhalt Verantwortlich f\u00fcr den Inhalt i.S.d. TDG\/MDSt sind jeweiligenHerausgeberInnen und die Redaktion des aktuellen Jahrgangs desMasterstudiengangs Film- und Medienkultur-Forschung (FMK) an derUniversit\u00e4t M\u00fcnchen LMU. HerausgeberInnen des aktuellen Jahrgangs 2019\/20&nbsp; Redaktion:Paulina KutschkaCarla PollakJana WellenhoferJulian SchmuckerRuth KonradNatascha HerrKarolin TybusLydia Frost E-Mail: redaktion.filmimpuls@gmx.de&nbsp; (Studierende des Masterstudiengangs Film- und Medienkultur-ForschungFMK) Verantwortlicher des Studiengangs FMKDr. Marcel SchellongLudwig-Maximilians-Universit\u00e4t [&hellip;]<\/p>\n","protected":false},"author":2,"featured_media":0,"parent":2,"menu_order":0,"comment_status":"closed","ping_status":"closed","template":"","meta":[],"_links":{"self":[{"href":"http:\/\/hosting.itz.fak13.lmu.de\/filmimpuls\/wp-json\/wp\/v2\/pages\/37"}],"collection":[{"href":"http:\/\/hosting.itz.fak13.lmu.de\/filmimpuls\/wp-json\/wp\/v2\/pages"}],"about":[{"href":"http:\/\/hosting.itz.fak13.lmu.de\/filmimpuls\/wp-json\/wp\/v2\/types\/page"}],"author":[{"embeddable":true,"href":"http:\/\/hosting.itz.fak13.lmu.de\/filmimpuls\/wp-json\/wp\/v2\/users\/2"}],"replies":[{"embeddable":true,"href":"http:\/\/hosting.itz.fak13.lmu.de\/filmimpuls\/wp-json\/wp\/v2\/comments?post=37"}],"version-history":[{"count":8,"href":"http:\/\/hosting.itz.fak13.lmu.de\/filmimpuls\/wp-json\/wp\/v2\/pages\/37\/revisions"}],"predecessor-version":[{"id":61,"href":"http:\/\/hosting.itz.fak13.lmu.de\/filmimpuls\/wp-json\/wp\/v2\/pages\/37\/revisions\/61"}],"up":[{"embeddable":true,"href":"http:\/\/hosting.itz.fak13.lmu.de\/filmimpuls\/wp-json\/wp\/v2\/pages\/2"}],"wp:attachment":[{"href":"http:\/\/hosting.itz.fak13.lmu.de\/filmimpuls\/wp-json\/wp\/v2\/media?parent=37"}],"curies":[{"name":"wp","href":"https:\/\/api.w.org\/{rel}","templated":true}]}}